{"id":128,"date":"2024-07-13T11:10:24","date_gmt":"2024-07-13T11:10:24","guid":{"rendered":"https:\/\/db-jugenddialog.de\/?page_id=128"},"modified":"2024-10-14T19:36:52","modified_gmt":"2024-10-14T19:36:52","slug":"fotogalerie","status":"publish","type":"page","link":"https:\/\/db-jugenddialog.de\/ru\/fotogalerie\/","title":{"rendered":"\u0424\u043e\u0442\u043e\u0433\u0430\u043b\u0435\u0440\u0435\u044f"},"content":{"rendered":"<div data-elementor-type=\"wp-page\" data-elementor-id=\"128\" class=\"elementor elementor-128\">\n\t\t\t\t<div class=\"elementor-element elementor-element-fff4328 e-flex e-con-boxed e-con e-parent\" data-id=\"fff4328\" data-element_type=\"container\" data-e-type=\"container\">\n\t\t\t\t\t<div class=\"e-con-inner\">\n\t\t\t\t<div class=\"elementor-element elementor-element-568cc5a elementor-widget elementor-widget-heading\" data-id=\"568cc5a\" data-element_type=\"widget\" data-e-type=\"widget\" data-widget_type=\"heading.default\">\n\t\t\t\t<div class=\"elementor-widget-container\">\n\t\t\t\t\t<h2 class=\"elementor-heading-title elementor-size-default\">\u0424\u043e\u0442\u043e\u0433\u0430\u043b\u0435\u0440\u0435\u044f<\/h2>\t\t\t\t<\/div>\n\t\t\t\t<\/div>\n\t\t\t\t<div class=\"elementor-element elementor-element-faebd15 elementor-grid-eael-col-1 elementor-grid-tablet-eael-col-2 elementor-grid-mobile-eael-col-1 elementor-widget elementor-widget-eael-post-grid\" data-id=\"faebd15\" data-element_type=\"widget\" data-e-type=\"widget\" data-settings=\"{&quot;eael_post_grid_columns&quot;:&quot;eael-col-1&quot;,&quot;eael_post_grid_columns_tablet&quot;:&quot;eael-col-2&quot;,&quot;eael_post_grid_columns_mobile&quot;:&quot;eael-col-1&quot;}\" data-widget_type=\"eael-post-grid.default\">\n\t\t\t\t<div class=\"elementor-widget-container\">\n\t\t\t\t\t<div id=\"eael-post-grid-faebd15\" class=\"eael-post-grid-container\">\n            <div class=\"eael-post-grid eael-post-appender eael-post-appender-faebd15 eael-post-grid-style-one\" data-layout-mode=\"grid\"><article class=\"eael-grid-post  eael-post-grid-column eael-pg-post-634 category-fotogallerie\" data-id=\"634\">\n        <div class=\"eael-grid-post-holder\">\n            <div class=\"eael-grid-post-holder-inner\"><div class=\"eael-entry-wrapper\"><header class=\"eael-entry-header\"><h2 class=\"eael-entry-title\"><a class=\"eael-grid-post-link\" href=\"https:\/\/db-jugenddialog.de\/ru\/erntedankfest-in-skoki-24-8-2024-2\/\" title=\"Erntedankfest in Skoki 24.08.2024\">Erntedankfest in Skoki 24.08.2024<\/a><\/h2><\/header><div class=\"eael-entry-content\">\n                        <div class=\"eael-grid-post-excerpt\"><p>Aus dem Garten des Guts Nemzwitsch in Skoki einige Fotos und Videos \u00fcber die Atmosph\u00e4re bei dieser Festlichkeit, die sich zum dritten Mal j\u00e4hrt. \u00a0Es waren mehrere hundert \u00a0Menschen aus...<\/p><a href=\"https:\/\/db-jugenddialog.de\/ru\/erntedankfest-in-skoki-24-8-2024-2\/\" class=\"eael-post-elements-readmore-btn\">\u0427\u0438\u0442\u0430\u0442\u044c \u0434\u0430\u043b\u0435\u0435 &gt;&gt;<\/a><\/div>\n                    <\/div><div class=\"eael-entry-footer\"><div class=\"eael-author-avatar\"><a href=\"https:\/\/db-jugenddialog.de\/ru\/author\/klaus\/\"><\/a><\/div><div class=\"eael-entry-meta\"><span class=\"eael-posted-by\"><a href=\"https:\/\/db-jugenddialog.de\/ru\/author\/klaus\/\" title=\"\u0417\u0430\u043f\u0438\u0441\u0438 \u043e\u0442 klaus\" rel=\"author\">klaus<\/a><\/span><span class=\"eael-posted-on\"><time datetime=\"29 \u0430\u0432\u0433\u0443\u0441\u0442\u0430, 2024\">29 \u0430\u0432\u0433\u0443\u0441\u0442\u0430, 2024<\/time><\/span><\/div><\/div><\/div><\/div>\n        <\/div>\n    <\/article><article class=\"eael-grid-post  eael-post-grid-column eael-pg-post-603 category-fotogallerie\" data-id=\"603\">\n        <div class=\"eael-grid-post-holder\">\n            <div class=\"eael-grid-post-holder-inner\"><div class=\"eael-entry-wrapper\"><header class=\"eael-entry-header\"><h2 class=\"eael-entry-title\"><a class=\"eael-grid-post-link\" href=\"https:\/\/db-jugenddialog.de\/ru\/bilder-invitychi-26-7-2024\/\" title=\"Bilder in Vitychi 26.7.2024\">Bilder in Vitychi 26.7.2024<\/a><\/h2><\/header><div class=\"eael-entry-content\">\n                        <div class=\"eael-grid-post-excerpt\"><p>https:\/\/db-jugenddialog.de\/wp-content\/uploads\/2024\/08\/video_2024-08-20_16-41-43-1.mp4<\/p><a href=\"https:\/\/db-jugenddialog.de\/ru\/bilder-invitychi-26-7-2024\/\" class=\"eael-post-elements-readmore-btn\">\u0427\u0438\u0442\u0430\u0442\u044c \u0434\u0430\u043b\u0435\u0435 &gt;&gt;<\/a><\/div>\n                    <\/div><div class=\"eael-entry-footer\"><div class=\"eael-author-avatar\"><a href=\"https:\/\/db-jugenddialog.de\/ru\/author\/klaus\/\"><\/a><\/div><div class=\"eael-entry-meta\"><span class=\"eael-posted-by\"><a href=\"https:\/\/db-jugenddialog.de\/ru\/author\/klaus\/\" title=\"\u0417\u0430\u043f\u0438\u0441\u0438 \u043e\u0442 klaus\" rel=\"author\">klaus<\/a><\/span><span class=\"eael-posted-on\"><time datetime=\"29 \u0430\u0432\u0433\u0443\u0441\u0442\u0430, 2024\">29 \u0430\u0432\u0433\u0443\u0441\u0442\u0430, 2024<\/time><\/span><\/div><\/div><\/div><\/div>\n        <\/div>\n    <\/article><\/div>\n            <div class=\"clearfix\"><\/div>\n        <\/div>\t\t\t\t<\/div>\n\t\t\t\t<\/div>\n\t\t\t\t\t<\/div>\n\t\t\t\t<\/div>\n\t\t\t\t<\/div>","protected":false},"excerpt":{"rendered":"<p>Fotogalerie Erntedankfest in Skoki 24.08.2024 Aus dem Garten des Guts Nemzwitsch in Skoki einige Fotos und Videos \u00fcber die Atmosph\u00e4re bei dieser Festlichkeit, die sich zum dritten Mal j\u00e4hrt. \u00a0Es waren mehrere hundert \u00a0Menschen aus&#8230; Weiterlesen &gt;&gt; August 29, 2024 Bilder in Vitychi 26.7.2024 https:\/\/db-jugenddialog.de\/wp-content\/uploads\/2024\/08\/video_2024-08-20_16-41-43-1.mp4 Weiterlesen &gt;&gt; August 29, 2024<\/p>","protected":false},"author":1,"featured_media":0,"parent":0,"menu_order":0,"comment_status":"closed","ping_status":"closed","template":"elementor_header_footer","meta":{"footnotes":""},"class_list":["post-128","page","type-page","status-publish","hentry"],"yoast_head":"<!-- This site is optimized with the Yoast SEO plugin v27.2 - https:\/\/yoast.com\/product\/yoast-seo-wordpress\/ -->\n<title>Fotogalerie - Deutsche Belarussischer Jugenddialog<\/title>\n<meta name=\"robots\" content=\"index, follow, max-snippet:-1, max-image-preview:large, max-video-preview:-1\" \/>\n<link rel=\"canonical\" href=\"https:\/\/db-jugenddialog.de\/ru\/fotogalerie\/\" \/>\n<meta property=\"og:locale\" content=\"ru_RU\" \/>\n<meta property=\"og:type\" content=\"article\" \/>\n<meta property=\"og:title\" content=\"Fotogalerie - Deutsche Belarussischer Jugenddialog\" \/>\n<meta property=\"og:description\" content=\"Fotogalerie Erntedankfest in Skoki 24.08.2024 Aus dem Garten des Guts Nemzwitsch in Skoki einige Fotos und Videos \u00fcber die Atmosph\u00e4re bei dieser Festlichkeit, die sich zum dritten Mal j\u00e4hrt. \u00a0Es waren mehrere hundert \u00a0Menschen aus&#8230; Weiterlesen &gt;&gt; August 29, 2024 Bilder in Vitychi 26.7.2024 https:\/\/db-jugenddialog.de\/wp-content\/uploads\/2024\/08\/video_2024-08-20_16-41-43-1.mp4 Weiterlesen &gt;&gt; August 29, 2024\" \/>\n<meta property=\"og:url\" content=\"https:\/\/db-jugenddialog.de\/ru\/fotogalerie\/\" \/>\n<meta property=\"og:site_name\" content=\"Deutsche Belarussischer Jugenddialog\" \/>\n<meta property=\"article:modified_time\" content=\"2024-10-14T19:36:52+00:00\" \/>\n<meta name=\"twitter:card\" content=\"summary_large_image\" \/>\n<meta name=\"twitter:label1\" content=\"\u041f\u0440\u0438\u043c\u0435\u0440\u043d\u043e\u0435 \u0432\u0440\u0435\u043c\u044f \u0434\u043b\u044f \u0447\u0442\u0435\u043d\u0438\u044f\" \/>\n\t<meta name=\"twitter:data1\" content=\"1 \u043c\u0438\u043d\u0443\u0442\u0430\" \/>\n<script type=\"application\/ld+json\" class=\"yoast-schema-graph\">{\"@context\":\"https:\/\/schema.org\",\"@graph\":[{\"@type\":\"WebPage\",\"@id\":\"https:\/\/db-jugenddialog.de\/fotogalerie\/\",\"url\":\"https:\/\/db-jugenddialog.de\/fotogalerie\/\",\"name\":\"Fotogalerie - Deutsche Belarussischer Jugenddialog\",\"isPartOf\":{\"@id\":\"https:\/\/db-jugenddialog.de\/#website\"},\"datePublished\":\"2024-07-13T11:10:24+00:00\",\"dateModified\":\"2024-10-14T19:36:52+00:00\",\"breadcrumb\":{\"@id\":\"https:\/\/db-jugenddialog.de\/fotogalerie\/#breadcrumb\"},\"inLanguage\":\"ru-RU\",\"potentialAction\":[{\"@type\":\"ReadAction\",\"target\":[\"https:\/\/db-jugenddialog.de\/fotogalerie\/\"]}]},{\"@type\":\"BreadcrumbList\",\"@id\":\"https:\/\/db-jugenddialog.de\/fotogalerie\/#breadcrumb\",\"itemListElement\":[{\"@type\":\"ListItem\",\"position\":1,\"name\":\"Startseite\",\"item\":\"https:\/\/db-jugenddialog.de\/\"},{\"@type\":\"ListItem\",\"position\":2,\"name\":\"Fotogalerie\"}]},{\"@type\":\"WebSite\",\"@id\":\"https:\/\/db-jugenddialog.de\/#website\",\"url\":\"https:\/\/db-jugenddialog.de\/\",\"name\":\"Deutsche Belarussischer Jugenddialog\",\"description\":\"\",\"publisher\":{\"@id\":\"https:\/\/db-jugenddialog.de\/#organization\"},\"potentialAction\":[{\"@type\":\"SearchAction\",\"target\":{\"@type\":\"EntryPoint\",\"urlTemplate\":\"https:\/\/db-jugenddialog.de\/?s={search_term_string}\"},\"query-input\":{\"@type\":\"PropertyValueSpecification\",\"valueRequired\":true,\"valueName\":\"search_term_string\"}}],\"inLanguage\":\"ru-RU\"},{\"@type\":\"Organization\",\"@id\":\"https:\/\/db-jugenddialog.de\/#organization\",\"name\":\"Deutsche Belarussischer Jugenddialog\",\"url\":\"https:\/\/db-jugenddialog.de\/\",\"logo\":{\"@type\":\"ImageObject\",\"inLanguage\":\"ru-RU\",\"@id\":\"https:\/\/db-jugenddialog.de\/#\/schema\/logo\/image\/\",\"url\":\"https:\/\/db-jugenddialog.de\/wp-content\/uploads\/2024\/07\/2.jpg\",\"contentUrl\":\"https:\/\/db-jugenddialog.de\/wp-content\/uploads\/2024\/07\/2.jpg\",\"width\":1009,\"height\":580,\"caption\":\"Deutsche Belarussischer Jugenddialog\"},\"image\":{\"@id\":\"https:\/\/db-jugenddialog.de\/#\/schema\/logo\/image\/\"}}]}<\/script>\n<!-- \/ Yoast SEO plugin. -->","yoast_head_json":{"title":"Fotogalerie - Deutsche Belarussischer Jugenddialog","robots":{"index":"index","follow":"follow","max-snippet":"max-snippet:-1","max-image-preview":"max-image-preview:large","max-video-preview":"max-video-preview:-1"},"canonical":"https:\/\/db-jugenddialog.de\/ru\/fotogalerie\/","og_locale":"ru_RU","og_type":"article","og_title":"Fotogalerie - Deutsche Belarussischer Jugenddialog","og_description":"Fotogalerie Erntedankfest in Skoki 24.08.2024 Aus dem Garten des Guts Nemzwitsch in Skoki einige Fotos und Videos \u00fcber die Atmosph\u00e4re bei dieser Festlichkeit, die sich zum dritten Mal j\u00e4hrt. \u00a0Es waren mehrere hundert \u00a0Menschen aus&#8230; Weiterlesen &gt;&gt; August 29, 2024 Bilder in Vitychi 26.7.2024 https:\/\/db-jugenddialog.de\/wp-content\/uploads\/2024\/08\/video_2024-08-20_16-41-43-1.mp4 Weiterlesen &gt;&gt; August 29, 2024","og_url":"https:\/\/db-jugenddialog.de\/ru\/fotogalerie\/","og_site_name":"Deutsche Belarussischer Jugenddialog","article_modified_time":"2024-10-14T19:36:52+00:00","twitter_card":"summary_large_image","twitter_misc":{"\u041f\u0440\u0438\u043c\u0435\u0440\u043d\u043e\u0435 \u0432\u0440\u0435\u043c\u044f \u0434\u043b\u044f \u0447\u0442\u0435\u043d\u0438\u044f":"1 \u043c\u0438\u043d\u0443\u0442\u0430"},"schema":{"@context":"https:\/\/schema.org","@graph":[{"@type":"WebPage","@id":"https:\/\/db-jugenddialog.de\/fotogalerie\/","url":"https:\/\/db-jugenddialog.de\/fotogalerie\/","name":"Fotogalerie - Deutsche Belarussischer Jugenddialog","isPartOf":{"@id":"https:\/\/db-jugenddialog.de\/#website"},"datePublished":"2024-07-13T11:10:24+00:00","dateModified":"2024-10-14T19:36:52+00:00","breadcrumb":{"@id":"https:\/\/db-jugenddialog.de\/fotogalerie\/#breadcrumb"},"inLanguage":"ru-RU","potentialAction":[{"@type":"ReadAction","target":["https:\/\/db-jugenddialog.de\/fotogalerie\/"]}]},{"@type":"BreadcrumbList","@id":"https:\/\/db-jugenddialog.de\/fotogalerie\/#breadcrumb","itemListElement":[{"@type":"ListItem","position":1,"name":"Startseite","item":"https:\/\/db-jugenddialog.de\/"},{"@type":"ListItem","position":2,"name":"Fotogalerie"}]},{"@type":"WebSite","@id":"https:\/\/db-jugenddialog.de\/#website","url":"https:\/\/db-jugenddialog.de\/","name":"Deutsche Belarussischer Jugenddialog","description":"","publisher":{"@id":"https:\/\/db-jugenddialog.de\/#organization"},"potentialAction":[{"@type":"SearchAction","target":{"@type":"EntryPoint","urlTemplate":"https:\/\/db-jugenddialog.de\/?s={search_term_string}"},"query-input":{"@type":"PropertyValueSpecification","valueRequired":true,"valueName":"search_term_string"}}],"inLanguage":"ru-RU"},{"@type":"Organization","@id":"https:\/\/db-jugenddialog.de\/#organization","name":"Deutsche Belarussischer Jugenddialog","url":"https:\/\/db-jugenddialog.de\/","logo":{"@type":"ImageObject","inLanguage":"ru-RU","@id":"https:\/\/db-jugenddialog.de\/#\/schema\/logo\/image\/","url":"https:\/\/db-jugenddialog.de\/wp-content\/uploads\/2024\/07\/2.jpg","contentUrl":"https:\/\/db-jugenddialog.de\/wp-content\/uploads\/2024\/07\/2.jpg","width":1009,"height":580,"caption":"Deutsche Belarussischer Jugenddialog"},"image":{"@id":"https:\/\/db-jugenddialog.de\/#\/schema\/logo\/image\/"}}]}},"_links":{"self":[{"href":"https:\/\/db-jugenddialog.de\/ru\/wp-json\/wp\/v2\/pages\/128","targetHints":{"allow":["GET"]}}],"collection":[{"href":"https:\/\/db-jugenddialog.de\/ru\/wp-json\/wp\/v2\/pages"}],"about":[{"href":"https:\/\/db-jugenddialog.de\/ru\/wp-json\/wp\/v2\/types\/page"}],"author":[{"embeddable":true,"href":"https:\/\/db-jugenddialog.de\/ru\/wp-json\/wp\/v2\/users\/1"}],"replies":[{"embeddable":true,"href":"https:\/\/db-jugenddialog.de\/ru\/wp-json\/wp\/v2\/comments?post=128"}],"version-history":[{"count":25,"href":"https:\/\/db-jugenddialog.de\/ru\/wp-json\/wp\/v2\/pages\/128\/revisions"}],"predecessor-version":[{"id":942,"href":"https:\/\/db-jugenddialog.de\/ru\/wp-json\/wp\/v2\/pages\/128\/revisions\/942"}],"wp:attachment":[{"href":"https:\/\/db-jugenddialog.de\/ru\/wp-json\/wp\/v2\/media?parent=128"}],"curies":[{"name":"wp","href":"https:\/\/api.w.org\/{rel}","templated":true}]}}